{"id":97,"date":"2023-07-13T13:04:50","date_gmt":"2023-07-13T13:04:50","guid":{"rendered":"http:\/\/193.194.89.175\/wp_ltse\/?page_id=97"},"modified":"2023-07-13T16:03:03","modified_gmt":"2023-07-13T16:03:03","slug":"equipe-04-conversion-de-lenergie-et-energies-renouvelables","status":"publish","type":"page","link":"https:\/\/ltse.usthb.dz\/index.php\/equipes-de-recherche\/equipe-04-conversion-de-lenergie-et-energies-renouvelables\/","title":{"rendered":"Equipe 4: Conversion de l\u2019Energie et Energies Renouvelables"},"content":{"rendered":"\n<p><strong>Chef d&#8217;\u00e9quipe:<\/strong><\/p>\n\n\n\n<p>KERBOUA-ZIARI Yasmina (Pr.)<\/p>\n\n\n\n<p><strong>Membres de l&#8217;\u00e9quipe<\/strong><\/p>\n\n\n\n<figure class=\"wp-block-table\"><table><tbody><tr><td>Noms et Pr\u00e9noms<\/td><td>Dernier dipl\u00f4me<\/td><td>Grade<\/td><td>Structure de rattachement<\/td><\/tr><tr><td>KERBOUA-ZIARI Yasmina <\/td><td>Habilitation<\/td><td>Pr. <\/td><td>USTHB<\/td><\/tr><tr><td>KERKOUB Youcef<\/td><td>Doctorat<\/td><td>MCB<\/td><td>USTHB<\/td><\/tr><tr><td>BRAKNI Oumaima<\/td><td>Master<\/td><td>Doc. <\/td><td>USTHB<\/td><\/tr><tr><td>BOUDIS Ali<\/td><td>Doctorat<\/td><td>MRB<\/td><td>CDER<\/td><\/tr><tr><td>BOUZINA Salah<\/td><td>Magister<\/td><td>AR<\/td><td>CDER<\/td><\/tr><tr><td>ADJIRI Salima<\/td><td>Magister<\/td><td>AR, Doc. <\/td><td>CDER<\/td><\/tr><tr><td>BABOU Allal<\/td><td>Magister<\/td><td>AR, Doc. <\/td><td>CDER<\/td><\/tr><\/tbody><\/table><\/figure>\n\n\n\n<p><\/p>\n\n\n\n<p><strong>Axes de recherche<\/strong><\/p>\n\n\n\n<ul>\n<li>Conversion de l&#8217;\u00e9nergie<\/li>\n\n\n\n<li>stockage d&#8217;hydrog\u00e8ne<\/li>\n\n\n\n<li>Transfert des piles combustibles<\/li>\n<\/ul>\n","protected":false},"excerpt":{"rendered":"<p>Chef d&#8217;\u00e9quipe: KERBOUA-ZIARI Yasmina (Pr.) Membres de l&#8217;\u00e9quipe Noms et Pr\u00e9noms Dernier dipl\u00f4me Grade Structure de rattachement KERBOUA-ZIARI Yasmina Habilitation Pr. USTHB KERKOUB Youcef Doctorat MCB USTHB BRAKNI Oumaima Master Doc. USTHB BOUDIS Ali Doctorat MRB CDER BOUZINA Salah Magister <span class=\"readmore\"><a href=\"https:\/\/ltse.usthb.dz\/index.php\/equipes-de-recherche\/equipe-04-conversion-de-lenergie-et-energies-renouvelables\/\">Continue Reading<\/a><\/span><\/p>\n","protected":false},"author":1,"featured_media":0,"parent":8,"menu_order":0,"comment_status":"closed","ping_status":"closed","template":"","meta":[],"_links":{"self":[{"href":"https:\/\/ltse.usthb.dz\/index.php\/wp-json\/wp\/v2\/pages\/97"}],"collection":[{"href":"https:\/\/ltse.usthb.dz\/index.php\/wp-json\/wp\/v2\/pages"}],"about":[{"href":"https:\/\/ltse.usthb.dz\/index.php\/wp-json\/wp\/v2\/types\/page"}],"author":[{"embeddable":true,"href":"https:\/\/ltse.usthb.dz\/index.php\/wp-json\/wp\/v2\/users\/1"}],"replies":[{"embeddable":true,"href":"https:\/\/ltse.usthb.dz\/index.php\/wp-json\/wp\/v2\/comments?post=97"}],"version-history":[{"count":3,"href":"https:\/\/ltse.usthb.dz\/index.php\/wp-json\/wp\/v2\/pages\/97\/revisions"}],"predecessor-version":[{"id":209,"href":"https:\/\/ltse.usthb.dz\/index.php\/wp-json\/wp\/v2\/pages\/97\/revisions\/209"}],"up":[{"embeddable":true,"href":"https:\/\/ltse.usthb.dz\/index.php\/wp-json\/wp\/v2\/pages\/8"}],"wp:attachment":[{"href":"https:\/\/ltse.usthb.dz\/index.php\/wp-json\/wp\/v2\/media?parent=97"}],"curies":[{"name":"wp","href":"https:\/\/api.w.org\/{rel}","templated":true}]}}