{"id":91,"date":"2023-07-13T12:55:00","date_gmt":"2023-07-13T12:55:00","guid":{"rendered":"http:\/\/193.194.89.175\/wp_ltse\/?page_id=91"},"modified":"2023-07-13T16:02:43","modified_gmt":"2023-07-13T16:02:43","slug":"equipe-03-phenomenes-de-transferts-environnement-et-developpement-durable-ptedd","status":"publish","type":"page","link":"https:\/\/ltse.usthb.dz\/index.php\/equipes-de-recherche\/equipe-03-phenomenes-de-transferts-environnement-et-developpement-durable-ptedd\/","title":{"rendered":"Equipe 3: Ph\u00e9nom\u00e8nes de Transferts, Environnement et D\u00e9veloppement Durable (PTEDD)"},"content":{"rendered":"\n<p><strong>Chef d&#8217;\u00e9quipe:<\/strong><\/p>\n\n\n\n<p>AMOURA Meriem (Pr.)<\/p>\n\n\n\n<p><strong>Membres de l&#8217;\u00e9quipe:<\/strong><\/p>\n\n\n\n<figure class=\"wp-block-table\"><table><tbody><tr><td>Noms et Pr\u00e9noms<\/td><td>Dernier dipl\u00f4me <\/td><td>Grade<\/td><td>Structure de rattachement<\/td><\/tr><tr><td>Amoura Meriem<\/td><td>Habilitation<\/td><td>Pr. <\/td><td>USTHB<\/td><\/tr><tr><td>TAIBI Amar<\/td><td>Doctorat<\/td><td>MCB<\/td><td>USTHB<\/td><\/tr><tr><td>GHERSI Djamal Eddine<\/td><td>Doctorat<\/td><td>MCB<\/td><td>USTHB<\/td><\/tr><tr><td>YOUSFI Mohamed Lamine<\/td><td>Doctorat<\/td><td>MCB<\/td><td><\/td><\/tr><tr><td>BOURABA Abdenour<\/td><td>Doctorat<\/td><td>CR<\/td><td>CDER<\/td><\/tr><tr><td>BOURABA Abdenour<\/td><td>Master<\/td><td>Doc. <\/td><td>USTHB<\/td><\/tr><\/tbody><\/table><\/figure>\n\n\n\n<p><strong>Axes de recherche:<\/strong><\/p>\n\n\n\n<ul>\n<li>Etude des ph\u00e9nom\u00e8nes de transfert de chaleur et de masse dans les milieux fluides<\/li>\n\n\n\n<li>Valorisation des bio-ressources<\/li>\n\n\n\n<li>D\u00e9p\u00f4ts corrosifs &#8211; encrassement dans les installations industrielles<\/li>\n\n\n\n<li>Mod\u00e9lisation des \u00e9coulements internes (am\u00e9liorer les performances des machines : turbines, compresseurs, pompe\u2026)<\/li>\n\n\n\n<li>Etude de l\u2019efficacit\u00e9 \u00e9nerg\u00e9tique et d\u00e9veloppement durable<\/li>\n<\/ul>\n","protected":false},"excerpt":{"rendered":"<p>Chef d&#8217;\u00e9quipe: AMOURA Meriem (Pr.) Membres de l&#8217;\u00e9quipe: Noms et Pr\u00e9noms Dernier dipl\u00f4me Grade Structure de rattachement Amoura Meriem Habilitation Pr. USTHB TAIBI Amar Doctorat MCB USTHB GHERSI Djamal Eddine Doctorat MCB USTHB YOUSFI Mohamed Lamine Doctorat MCB BOURABA Abdenour <span class=\"readmore\"><a href=\"https:\/\/ltse.usthb.dz\/index.php\/equipes-de-recherche\/equipe-03-phenomenes-de-transferts-environnement-et-developpement-durable-ptedd\/\">Continue Reading<\/a><\/span><\/p>\n","protected":false},"author":1,"featured_media":0,"parent":8,"menu_order":0,"comment_status":"closed","ping_status":"closed","template":"","meta":[],"_links":{"self":[{"href":"https:\/\/ltse.usthb.dz\/index.php\/wp-json\/wp\/v2\/pages\/91"}],"collection":[{"href":"https:\/\/ltse.usthb.dz\/index.php\/wp-json\/wp\/v2\/pages"}],"about":[{"href":"https:\/\/ltse.usthb.dz\/index.php\/wp-json\/wp\/v2\/types\/page"}],"author":[{"embeddable":true,"href":"https:\/\/ltse.usthb.dz\/index.php\/wp-json\/wp\/v2\/users\/1"}],"replies":[{"embeddable":true,"href":"https:\/\/ltse.usthb.dz\/index.php\/wp-json\/wp\/v2\/comments?post=91"}],"version-history":[{"count":4,"href":"https:\/\/ltse.usthb.dz\/index.php\/wp-json\/wp\/v2\/pages\/91\/revisions"}],"predecessor-version":[{"id":208,"href":"https:\/\/ltse.usthb.dz\/index.php\/wp-json\/wp\/v2\/pages\/91\/revisions\/208"}],"up":[{"embeddable":true,"href":"https:\/\/ltse.usthb.dz\/index.php\/wp-json\/wp\/v2\/pages\/8"}],"wp:attachment":[{"href":"https:\/\/ltse.usthb.dz\/index.php\/wp-json\/wp\/v2\/media?parent=91"}],"curies":[{"name":"wp","href":"https:\/\/api.w.org\/{rel}","templated":true}]}}