{"id":8,"date":"2023-04-12T10:12:52","date_gmt":"2023-04-12T10:12:52","guid":{"rendered":"http:\/\/193.194.89.175\/wp_ltse\/?page_id=8"},"modified":"2023-07-13T14:22:38","modified_gmt":"2023-07-13T14:22:38","slug":"equipes-de-recherche","status":"publish","type":"page","link":"https:\/\/ltse.usthb.dz\/index.php\/equipes-de-recherche\/","title":{"rendered":"Equipes de recherche"},"content":{"rendered":"\n<p>Le Laboratoire de Thermodynamique et Syst\u00e8mes Energ\u00e9tiques se compose de 04 \u00e9quipes de recherches:<\/p>\n\n\n\n<ul>\n<li><a href=\"http:\/\/193.194.89.175\/wp_ltse\/index.php\/equipe-1-thermodynamique-instabilites-et-interactions-fluide-structure-tiifs\/\" data-type=\"URL\" data-id=\"http:\/\/193.194.89.175\/wp_ltse\/index.php\/equipe-1-thermodynamique-instabilites-et-interactions-fluide-structure-tiifs\/\" target=\"_blank\" rel=\"noreferrer noopener\">Equipe 1: Thermodynamique, Instabilit\u00e9s et Interactions Fluide-Structure (TIIFS)<\/a><\/li>\n\n\n\n<li><a href=\"http:\/\/193.194.89.175\/wp_ltse\/wp-admin\/post.php?post=56&amp;action=edit\" data-type=\"URL\" data-id=\"http:\/\/193.194.89.175\/wp_ltse\/wp-admin\/post.php?post=56&amp;action=edit\" target=\"_blank\" rel=\"noreferrer noopener\">Equipe 2: Ph\u00e9nom\u00e8nes de Transport, Cristallogen\u00e8se et Syst\u00e8mes Energ\u00e9tiques Alternatifs (PTCSEA)<\/a><\/li>\n\n\n\n<li><a href=\"http:\/\/193.194.89.175\/wp_ltse\/wp-admin\/post.php?post=91&amp;action=edit\" data-type=\"URL\" data-id=\"http:\/\/193.194.89.175\/wp_ltse\/wp-admin\/post.php?post=91&amp;action=edit\" target=\"_blank\" rel=\"noreferrer noopener\">Equipe 3: Ph\u00e9nom\u00e8nes de Transferts, Environnement et D\u00e9veloppement Durable (PTEDD)<\/a><\/li>\n\n\n\n<li><a href=\"http:\/\/193.194.89.175\/wp_ltse\/wp-admin\/post.php?post=97&amp;action=edit\" target=\"_blank\" rel=\"noreferrer noopener\">Equipe 4: Conversion de l\u2019Energie et Energies Renouvelables (CEER)<\/a><\/li>\n<\/ul>\n\n\n\n<p><\/p>\n","protected":false},"excerpt":{"rendered":"<p>Le Laboratoire de Thermodynamique et Syst\u00e8mes Energ\u00e9tiques se compose de 04 \u00e9quipes de recherches:<\/p>\n","protected":false},"author":1,"featured_media":0,"parent":0,"menu_order":0,"comment_status":"closed","ping_status":"closed","template":"","meta":[],"_links":{"self":[{"href":"https:\/\/ltse.usthb.dz\/index.php\/wp-json\/wp\/v2\/pages\/8"}],"collection":[{"href":"https:\/\/ltse.usthb.dz\/index.php\/wp-json\/wp\/v2\/pages"}],"about":[{"href":"https:\/\/ltse.usthb.dz\/index.php\/wp-json\/wp\/v2\/types\/page"}],"author":[{"embeddable":true,"href":"https:\/\/ltse.usthb.dz\/index.php\/wp-json\/wp\/v2\/users\/1"}],"replies":[{"embeddable":true,"href":"https:\/\/ltse.usthb.dz\/index.php\/wp-json\/wp\/v2\/comments?post=8"}],"version-history":[{"count":8,"href":"https:\/\/ltse.usthb.dz\/index.php\/wp-json\/wp\/v2\/pages\/8\/revisions"}],"predecessor-version":[{"id":155,"href":"https:\/\/ltse.usthb.dz\/index.php\/wp-json\/wp\/v2\/pages\/8\/revisions\/155"}],"wp:attachment":[{"href":"https:\/\/ltse.usthb.dz\/index.php\/wp-json\/wp\/v2\/media?parent=8"}],"curies":[{"name":"wp","href":"https:\/\/api.w.org\/{rel}","templated":true}]}}