{"id":7,"date":"2023-04-12T10:12:52","date_gmt":"2023-04-12T10:12:52","guid":{"rendered":"http:\/\/193.194.89.175\/wp_ltse\/?page_id=7"},"modified":"2023-07-14T18:59:40","modified_gmt":"2023-07-14T18:59:40","slug":"presentation","status":"publish","type":"page","link":"https:\/\/ltse.usthb.dz\/","title":{"rendered":"Pr\u00e9sentation"},"content":{"rendered":"\n<p>Le laboratoire de Thermodynamique et Syst\u00e8mes Energ\u00e9tiques a \u00e9t\u00e9 cr\u00e9\u00e9 en 2002 en vue de r\u00e9pondre aux besoins croissants de notre pays en terme de recherche scientifique et de formation en post-graduation. Il a pour vocation de former des enseignants-chercheurs et des masters dans les domaines de la thermodynamique, de la m\u00e9canique des fluides et de leurs applications. <\/p>\n\n\n\n<p>Les \u00e9nergies renouvelables, l&#8217;efficacit\u00e9 \u00e9nerg\u00e9tique, la croissance des cristaux, les instabilit\u00e9s, les nouvelles technologies de conversion d&#8217;\u00e9nergie durable, sont les principaux th\u00e8mes de nos recherches.<\/p>\n","protected":false},"excerpt":{"rendered":"<p>Le laboratoire de Thermodynamique et Syst\u00e8mes Energ\u00e9tiques a \u00e9t\u00e9 cr\u00e9\u00e9 en 2002 en vue de r\u00e9pondre aux besoins croissants de notre pays en terme de recherche scientifique et de formation en post-graduation. Il a pour vocation de former des enseignants-chercheurs <span class=\"readmore\"><a href=\"https:\/\/ltse.usthb.dz\/\">Continue Reading<\/a><\/span><\/p>\n","protected":false},"author":1,"featured_media":0,"parent":0,"menu_order":0,"comment_status":"closed","ping_status":"closed","template":"","meta":[],"_links":{"self":[{"href":"https:\/\/ltse.usthb.dz\/index.php\/wp-json\/wp\/v2\/pages\/7"}],"collection":[{"href":"https:\/\/ltse.usthb.dz\/index.php\/wp-json\/wp\/v2\/pages"}],"about":[{"href":"https:\/\/ltse.usthb.dz\/index.php\/wp-json\/wp\/v2\/types\/page"}],"author":[{"embeddable":true,"href":"https:\/\/ltse.usthb.dz\/index.php\/wp-json\/wp\/v2\/users\/1"}],"replies":[{"embeddable":true,"href":"https:\/\/ltse.usthb.dz\/index.php\/wp-json\/wp\/v2\/comments?post=7"}],"version-history":[{"count":4,"href":"https:\/\/ltse.usthb.dz\/index.php\/wp-json\/wp\/v2\/pages\/7\/revisions"}],"predecessor-version":[{"id":356,"href":"https:\/\/ltse.usthb.dz\/index.php\/wp-json\/wp\/v2\/pages\/7\/revisions\/356"}],"wp:attachment":[{"href":"https:\/\/ltse.usthb.dz\/index.php\/wp-json\/wp\/v2\/media?parent=7"}],"curies":[{"name":"wp","href":"https:\/\/api.w.org\/{rel}","templated":true}]}}