{"id":45,"date":"2023-07-11T16:36:31","date_gmt":"2023-07-11T16:36:31","guid":{"rendered":"http:\/\/193.194.89.175\/wp_ltse\/?page_id=45"},"modified":"2023-07-13T13:07:25","modified_gmt":"2023-07-13T13:07:25","slug":"equipe-1-thermodynamique-instabilites-et-interactions-fluide-structure-tiifs","status":"publish","type":"page","link":"https:\/\/ltse.usthb.dz\/index.php\/equipes-de-recherche\/equipe-1-thermodynamique-instabilites-et-interactions-fluide-structure-tiifs\/","title":{"rendered":"Equipe 1: Thermodynamique, Instabilit\u00e9s et Interactions Fluide-Structure (TIIFS)"},"content":{"rendered":"\n<p><strong>Chef d&#8217;\u00e9quipe<\/strong><\/p>\n\n\n\n<p>Fadila HADDAD (Ma\u00eetre de Conf\u00e9rence A) <\/p>\n\n\n\n<p><strong>Membres de l&#8217;\u00e9quipe<\/strong><\/p>\n\n\n\n<figure class=\"wp-block-table\"><table><tbody><tr><td>Noms et Pr\u00e9noms<\/td><td>Dernier d\u00eeplome <\/td><td class=\"has-text-align-center\" data-align=\"center\">Grade<\/td><td class=\"has-text-align-center\" data-align=\"center\">Structure de rattachement<\/td><\/tr><tr><td>HADDAD Fadila<\/td><td>Habilitation<\/td><td class=\"has-text-align-center\" data-align=\"center\">MCA<\/td><td class=\"has-text-align-center\" data-align=\"center\">USTHB<\/td><\/tr><tr><td>MEDELFEF Abdessamed<\/td><td>Doctorat<\/td><td class=\"has-text-align-center\" data-align=\"center\">MCB<\/td><td class=\"has-text-align-center\" data-align=\"center\">USTHB<\/td><\/tr><tr><td>KERSANI Malika<\/td><td>Doctorat<\/td><td class=\"has-text-align-center\" data-align=\"center\">MCB<\/td><td class=\"has-text-align-center\" data-align=\"center\">USTHB<\/td><\/tr><tr><td>HAMNOUNE Yasmina<\/td><td>Magister<\/td><td class=\"has-text-align-center\" data-align=\"center\">MAA<\/td><td class=\"has-text-align-center\" data-align=\"center\">USTHB<\/td><\/tr><tr><td>MAHLOUL Mohamed<\/td><td>Habilitation<\/td><td class=\"has-text-align-center\" data-align=\"center\">MCA<\/td><td class=\"has-text-align-center\" data-align=\"center\">ES-Sciences Appliqu\u00e9es Alger<\/td><\/tr><tr><td>TAMSAOUT Toufik<\/td><td>Doctorat<\/td><td class=\"has-text-align-center\" data-align=\"center\">MRB<\/td><td class=\"has-text-align-center\" data-align=\"center\">CDTA<\/td><\/tr><tr><td>LECHEHEB Sabrina<\/td><td>Magister<\/td><td class=\"has-text-align-center\" data-align=\"center\">AR, Doc. <\/td><td class=\"has-text-align-center\" data-align=\"center\">CDER<\/td><\/tr><tr><td>YAHI Fatma<\/td><td>Doctorat<\/td><td class=\"has-text-align-center\" data-align=\"center\">MCB<\/td><td class=\"has-text-align-center\" data-align=\"center\">U. Boumerd\u00e8s<\/td><\/tr><\/tbody><\/table><\/figure>\n\n\n\n<p><strong>Axes de recherches<\/strong><\/p>\n\n\n\n<ul>\n<li>Instabilit\u00e9s Thermoconvectives, Instabilit\u00e9s Inertielles et Pr\u00e9diction Cyclonique<\/li>\n\n\n\n<li>Instabilit\u00e9s dans les syst\u00e8mes rotatifs et Thermodynamique de la Croissance Cristalline<\/li>\n\n\n\n<li>Instabilit\u00e9s MHD et Couplage Thermoacoustique<\/li>\n\n\n\n<li>Ph\u00e9nom\u00e8nes de Transitions vers le Chaos-Turbulence et Contr\u00f4le des Ecoulements &#8211; Applications aux milieux poreux<\/li>\n<\/ul>\n","protected":false},"excerpt":{"rendered":"<p>Chef d&#8217;\u00e9quipe Fadila HADDAD (Ma\u00eetre de Conf\u00e9rence A) Membres de l&#8217;\u00e9quipe Noms et Pr\u00e9noms Dernier d\u00eeplome Grade Structure de rattachement HADDAD Fadila Habilitation MCA USTHB MEDELFEF Abdessamed Doctorat MCB USTHB KERSANI Malika Doctorat MCB USTHB HAMNOUNE Yasmina Magister MAA USTHB <span class=\"readmore\"><a href=\"https:\/\/ltse.usthb.dz\/index.php\/equipes-de-recherche\/equipe-1-thermodynamique-instabilites-et-interactions-fluide-structure-tiifs\/\">Continue Reading<\/a><\/span><\/p>\n","protected":false},"author":1,"featured_media":0,"parent":8,"menu_order":0,"comment_status":"closed","ping_status":"closed","template":"","meta":[],"_links":{"self":[{"href":"https:\/\/ltse.usthb.dz\/index.php\/wp-json\/wp\/v2\/pages\/45"}],"collection":[{"href":"https:\/\/ltse.usthb.dz\/index.php\/wp-json\/wp\/v2\/pages"}],"about":[{"href":"https:\/\/ltse.usthb.dz\/index.php\/wp-json\/wp\/v2\/types\/page"}],"author":[{"embeddable":true,"href":"https:\/\/ltse.usthb.dz\/index.php\/wp-json\/wp\/v2\/users\/1"}],"replies":[{"embeddable":true,"href":"https:\/\/ltse.usthb.dz\/index.php\/wp-json\/wp\/v2\/comments?post=45"}],"version-history":[{"count":4,"href":"https:\/\/ltse.usthb.dz\/index.php\/wp-json\/wp\/v2\/pages\/45\/revisions"}],"predecessor-version":[{"id":54,"href":"https:\/\/ltse.usthb.dz\/index.php\/wp-json\/wp\/v2\/pages\/45\/revisions\/54"}],"up":[{"embeddable":true,"href":"https:\/\/ltse.usthb.dz\/index.php\/wp-json\/wp\/v2\/pages\/8"}],"wp:attachment":[{"href":"https:\/\/ltse.usthb.dz\/index.php\/wp-json\/wp\/v2\/media?parent=45"}],"curies":[{"name":"wp","href":"https:\/\/api.w.org\/{rel}","templated":true}]}}