{"id":152,"date":"2023-07-13T14:09:25","date_gmt":"2023-07-13T14:09:25","guid":{"rendered":"http:\/\/193.194.89.175\/wp_ltse\/?page_id=152"},"modified":"2023-07-14T18:58:46","modified_gmt":"2023-07-14T18:58:46","slug":"theses-de-magister","status":"publish","type":"page","link":"https:\/\/ltse.usthb.dz\/index.php\/formations-theses-soutenues\/theses-de-magister\/","title":{"rendered":"Th\u00e8ses de Magister"},"content":{"rendered":"\n<ul>\n<li>D-F SAHRAOUI : \u00ab Instabilit\u00e9s de Kelvin Helmholtz appliqu\u00e9es \u00e0 la photosph\u00e8re solaire \u00e9tude MHD \u00bb Directeur de Th\u00e8se : A. BOUABDALLAH ,16 janvier 2008.<\/li>\n\n\n\n<li>M. AISSA : \u00ab Effet de la d\u00e9formation radiale d\u2019un cylindre sur l\u2019all\u00e9e tourbillonnaire de Von Karman \u00bb. Directeur de Th\u00e8se : A. BOUABDALLAH, 25 F\u00e9vrier 2008.<\/li>\n\n\n\n<li>TIGRINE ZAHIA : \u00ab Etude exp\u00e9rimentale d\u2019un \u00e9coulement entre deux sph\u00e8res concentriques \u00bb Directeur de th\u00e8se : A. MAHAMDIA, D\u00e9cembre 2008.<\/li>\n\n\n\n<li>A. YAHI : \u00ab Etude th\u00e9orique et exp\u00e9rimentale des ph\u00e9nom\u00e8nes de transition laminaire-turbulent dans l\u2019\u00e9coulement entre c\u00f4nes coaxiaux tournants \u00bb. Directeur de Th\u00e8se : A. BOUABDALLAH,20 juin 2009.<\/li>\n\n\n\n<li>M. OUALI : \u00ab Caract\u00e9risation de l\u2019\u00e9coulement Taylor-Couette. Effets du confinement g\u00e9om\u00e9trique axial et de la gravit\u00e9 \u00bb Directeur de Th\u00e8se : A. BOUABDALLAH ,21 Juin 2009.<\/li>\n\n\n\n<li>W. HARHAD : \u00ab Etude th\u00e9orique et exp\u00e9rimentale de l\u2019instabilit\u00e9 de Rayleigh-Taylor \u00bb. Directeur de Th\u00e8se : A. BOUABDALLAH,15 Octobre 2009. <\/li>\n\n\n\n<li>M. MAHLOUL : \u00ab Etude du ph\u00e9nom\u00e8ne d\u2019instabilit\u00e9 baroclinique dans la configuration d\u2019\u00e9coulement de type cylindrique ou entre sph\u00e8res coaxiales en rotation \u00bb. Directeur de Th\u00e8se : M. MAHAMDIA, 23 Novembre 2009.<\/li>\n<\/ul>\n","protected":false},"excerpt":{"rendered":"","protected":false},"author":1,"featured_media":0,"parent":12,"menu_order":0,"comment_status":"closed","ping_status":"closed","template":"","meta":[],"_links":{"self":[{"href":"https:\/\/ltse.usthb.dz\/index.php\/wp-json\/wp\/v2\/pages\/152"}],"collection":[{"href":"https:\/\/ltse.usthb.dz\/index.php\/wp-json\/wp\/v2\/pages"}],"about":[{"href":"https:\/\/ltse.usthb.dz\/index.php\/wp-json\/wp\/v2\/types\/page"}],"author":[{"embeddable":true,"href":"https:\/\/ltse.usthb.dz\/index.php\/wp-json\/wp\/v2\/users\/1"}],"replies":[{"embeddable":true,"href":"https:\/\/ltse.usthb.dz\/index.php\/wp-json\/wp\/v2\/comments?post=152"}],"version-history":[{"count":2,"href":"https:\/\/ltse.usthb.dz\/index.php\/wp-json\/wp\/v2\/pages\/152\/revisions"}],"predecessor-version":[{"id":355,"href":"https:\/\/ltse.usthb.dz\/index.php\/wp-json\/wp\/v2\/pages\/152\/revisions\/355"}],"up":[{"embeddable":true,"href":"https:\/\/ltse.usthb.dz\/index.php\/wp-json\/wp\/v2\/pages\/12"}],"wp:attachment":[{"href":"https:\/\/ltse.usthb.dz\/index.php\/wp-json\/wp\/v2\/media?parent=152"}],"curies":[{"name":"wp","href":"https:\/\/api.w.org\/{rel}","templated":true}]}}