{"id":146,"date":"2023-07-13T14:05:40","date_gmt":"2023-07-13T14:05:40","guid":{"rendered":"http:\/\/193.194.89.175\/wp_ltse\/?page_id=146"},"modified":"2023-07-13T18:38:26","modified_gmt":"2023-07-13T18:38:26","slug":"theses-de-doctorat","status":"publish","type":"page","link":"https:\/\/ltse.usthb.dz\/index.php\/formations-theses-soutenues\/theses-de-doctorat\/","title":{"rendered":"Th\u00e8ses de Doctorat"},"content":{"rendered":"\n<ul>\n<li><strong>Bouarab Samia\u00a0: <\/strong>Cristallogen\u00e8se en configuration de Bridgman\u00a0: purification du silicium PV par vibrations \u00e0 hautes fr\u00e9quences. Codirecteurs\u00a0: responsables du projet PHC Maghreb <em><strong>Slim Kaddeche<\/strong><\/em> (Professeur \u00e0 l\u2019INSAT\/Tunisie) et <em><strong>Daniel Henry<\/strong><\/em> (Directeur de Recherche CNRS\/LMFA\/Lyon). Soutenue en mai 2023.<\/li>\n\n\n\n<li><a href=\"https:\/\/repository.usthb.dz\/handle\/123456789\/9520\" target=\"_blank\" rel=\"noreferrer noopener\"><strong>Lasloudji Idir\u00a0: <\/strong>Etude num\u00e9rique du proc\u00e9d\u00e9 Czochralski (CZ) pour la croissance cristalline de cristaux pi\u00e9zo\u00e9lectriques appartenant au syst\u00e8me ternaire La2O3- Ga2O3-Ta2O5. Codirecteur\u00a0: Kheirreddine Lebbou (Directeur de Recherche CNRS\/ILM\/Lyon). Soutenue en septembre 2022.<\/a><\/li>\n\n\n\n<li><a href=\"https:\/\/repository.usthb.dz\/handle\/123456789\/9476\" target=\"_blank\" rel=\"noreferrer noopener\"><strong>Bouzouaoui Yahia Zakarya\u00a0: <\/strong>Mod\u00e9lisation et simulation num\u00e9rique 3D du proc\u00e9d\u00e9 de croissance Czochralski de monocristaux borates et molybdates pour applications\u00a0optiques. Codirecteur\u00a0: Matias Velazquez (Directeur de Recherche CNRS\/Grenoble). Soutenue en juin 2022.<\/a><\/li>\n\n\n\n<li><a href=\"https:\/\/www.ummto.dz\/dspace\/handle\/ummto\/13659\" target=\"_blank\" rel=\"noreferrer noopener\"><strong>Zermout Samir\u00a0: <\/strong>Etude num\u00e9rique de la croissance cristalline du saphir Al<sub>2<\/sub>O<sub>3<\/sub> par la technique de Kyropoulos. Soutenue en novembre 2020.<\/a><\/li>\n\n\n\n<li><a href=\"https:\/\/repository.usthb.dz\/handle\/123456789\/5687\" target=\"_blank\" rel=\"noreferrer noopener\"><strong>Haddad Fadila\u00a0: <\/strong>Etude de la croissance cristalline de type HEM. Soutenue en juillet 2017.<\/a><\/li>\n\n\n\n<li><\/li>\n<\/ul>\n","protected":false},"excerpt":{"rendered":"","protected":false},"author":1,"featured_media":0,"parent":12,"menu_order":0,"comment_status":"closed","ping_status":"closed","template":"","meta":[],"_links":{"self":[{"href":"https:\/\/ltse.usthb.dz\/index.php\/wp-json\/wp\/v2\/pages\/146"}],"collection":[{"href":"https:\/\/ltse.usthb.dz\/index.php\/wp-json\/wp\/v2\/pages"}],"about":[{"href":"https:\/\/ltse.usthb.dz\/index.php\/wp-json\/wp\/v2\/types\/page"}],"author":[{"embeddable":true,"href":"https:\/\/ltse.usthb.dz\/index.php\/wp-json\/wp\/v2\/users\/1"}],"replies":[{"embeddable":true,"href":"https:\/\/ltse.usthb.dz\/index.php\/wp-json\/wp\/v2\/comments?post=146"}],"version-history":[{"count":6,"href":"https:\/\/ltse.usthb.dz\/index.php\/wp-json\/wp\/v2\/pages\/146\/revisions"}],"predecessor-version":[{"id":277,"href":"https:\/\/ltse.usthb.dz\/index.php\/wp-json\/wp\/v2\/pages\/146\/revisions\/277"}],"up":[{"embeddable":true,"href":"https:\/\/ltse.usthb.dz\/index.php\/wp-json\/wp\/v2\/pages\/12"}],"wp:attachment":[{"href":"https:\/\/ltse.usthb.dz\/index.php\/wp-json\/wp\/v2\/media?parent=146"}],"curies":[{"name":"wp","href":"https:\/\/api.w.org\/{rel}","templated":true}]}}