{"id":140,"date":"2023-07-13T14:03:05","date_gmt":"2023-07-13T14:03:05","guid":{"rendered":"http:\/\/193.194.89.175\/wp_ltse\/?page_id=140"},"modified":"2023-07-13T18:38:38","modified_gmt":"2023-07-13T18:38:38","slug":"communications-nationales-2012-2022","status":"publish","type":"page","link":"https:\/\/ltse.usthb.dz\/index.php\/communications-nationales\/communications-nationales-2012-2022\/","title":{"rendered":"Communications nationales 2012-2022:"},"content":{"rendered":"\n<ul>\n<li>Brakni Oumaima,&nbsp;Kerkoub Youcef, Kerboua Ziari Yasmina, Influence des diff\u00e9rents Champs d\u2019\u00e9coulement sur la performance d\u2019une Pile a Combustible, 1<sup>st<\/sup> National Conference on Science &amp; Technology, 1<sup>st<\/sup> NCST22, 27<sup>th<\/sup>-28 th June 2022, Mascara, Algeria. <\/li>\n\n\n\n<li>Babou Allal, Kerboua Ziari Yasmina, Influence of active cooling methods on the hydrogen absorption time in metal hydride tank using open FOAM, Journ\u00e9e d\u2019\u00e9tude sur les \u00ab&nbsp;Mat\u00e9riaux&nbsp;\u00bb , MESTEL , Universit\u00e9 de Ghardaia, Algeria, 2022. <\/li>\n\n\n\n<li>Rahmani Bouzina Salheddine, Merrouche Djamel, Kerboua Ziari Yasmina, Analyse thermo-Hydraulique par un code syst\u00e8me pour la s\u00fbret\u00e9 des r\u00e9acteurs nucl\u00e9aires de recherche, 3<sup>iemes<\/sup> Journ\u00e9es Scientifique et P\u00e9dagogiques de la Facult\u00e9 de Physique 26\/27 Avril \u00e0 l\u2019USTHB , Alger, Alg\u00e9rie, 2022.<\/li>\n\n\n\n<li>Brakni Oumaima, Kerkoub Youcef, Kerboua Ziari Yasmina, L\u2019effet des champs d\u2019\u00e9coulement droit et en serpentin sur les performances d\u2019une pile \u00e0 combustible PEM, 23<sup>iemes<\/sup> Journ\u00e9es Scientifique et P\u00e9dagogiques de la Facult\u00e9 de Physique 26\/27 Avril \u00e0 l\u2019USTHB , Alger, Alg\u00e9rie, 2022. <\/li>\n\n\n\n<li>D.E. GHERSI, M. AMOURA.&#8221;Analyse des facteurs dominants qui affectent les \u00e9missions de CO2 de l\u2019Alg\u00e9rie&#8221; JSPFP22, Alger, Avril 2018.<\/li>\n\n\n\n<li>D.E. GHERSI, M. AMOURA, K. LOUBAR. &#8220;Analysis of CO2 emissions over 1990\u20132014 in Algeria&#8221; CNPA, Alger, Novembre 2018.<\/li>\n\n\n\n<li>11\u00e8mes Journ\u00e9es de M\u00e9canique, JM\u201908, (2018) : \u00abEtude Exp\u00e9rimentale de l\u2019\u00e9coulement de Taylor-Couette sph\u00e9rique par la m\u00e9thode d\u2019\u00e9lectrochimie\u00bb \/EMP, Alger.<\/li>\n\n\n\n<li>D.E. GHERSI, M. AMOURA. &#8220;A parametric thermodynamic evaluation of different configurations of gas turbine engines&#8221; CAM, Constantine, Novembre 2017.<\/li>\n\n\n\n<li>D.E. GHERSI, M. AMOURA.&#8221;Optimisation des performances du cycle STIG dans les centrales \u00e0 gaz&#8221; JSPFP21, Alger, Avril 2017.<\/li>\n\n\n\n<li>Congr\u00e8s Alg\u00e9rien de M\u00e9canique, CAM 2017 : \u00ab Contr\u00f4le de l\u2019\u00e9coulement de deux fluides non miscible entre deux cylindres coaxiaux en rotation \u00bb, Constantine.<\/li>\n\n\n\n<li><strong>Mod\u00e9lisation tridimensionnelle de la d\u00e9coupe laser avec gaz d&#8217;assistance inerte<\/strong>, T. Tamsaout , E.H. Amara and A. Bouabdallah, 8i\u00e8me S\u00e9minaire National sur le Laser et ses Applications, &nbsp;Taghit 5-9 Novembre 2017.<\/li>\n\n\n\n<li>A. Boudis, \u201cComment am\u00e9liorer les performances a\u00e9rodynamique d\u2019une pale \u00e9olienne?\u201d In bulletin des Energies Renouvelables, Alg\u00e9rie, 2014.<\/li>\n\n\n\n<li>A. Boudis, M. Mekadem, H. Oualli, and A. Benzaoui, \u201cInvestigation num\u00e9rique de l\u2019in\ufb02uence de la trajectoire de mouvement sur l\u2019\u00e9volution du sillage derri\u00e8re une aile battante,\u201d in 11\u00e8me Congr\u00e8s National de la Physique et de ses Applications, CNPA\u201911, Blida, Alg\u00e9rie, 2014. <\/li>\n\n\n\n<li>Y. Hamnounoune et al. Effet de la gravite sur l\u2019\u00e9coulement de Taylor-Dean entre deux c\u00f4nes coaxiaux tournants\u2019, JSP 18 \u00e0 l\u2019USTHB, Alger. <\/li>\n\n\n\n<li>Y. Hamnoune, Effet de la surface libre sur l\u2019\u00e9coulement de Taylor-Dean entre deux c\u00f4nes coaxiaux tournant, Communication au 9<sup>i\u00e8mes<\/sup> journ\u00e9es de M\u00e9canique \u00e0 l\u2019\u00e9cole militaire Polytechnique (EMP) Bordj el Bahris. <\/li>\n\n\n\n<li>11\u00e8me Congr\u00e8s National de la Physique et de ses Applications, CNPA\u20192014 : \u00ab Etude exp\u00e9rimentale par polarographie de l\u2019\u00e9coulement de Taylor-Couette entre deux sph\u00e8res \u00bb\/ Blida, Alg\u00e9rie<\/li>\n<\/ul>\n","protected":false},"excerpt":{"rendered":"","protected":false},"author":1,"featured_media":0,"parent":11,"menu_order":0,"comment_status":"closed","ping_status":"closed","template":"","meta":[],"_links":{"self":[{"href":"https:\/\/ltse.usthb.dz\/index.php\/wp-json\/wp\/v2\/pages\/140"}],"collection":[{"href":"https:\/\/ltse.usthb.dz\/index.php\/wp-json\/wp\/v2\/pages"}],"about":[{"href":"https:\/\/ltse.usthb.dz\/index.php\/wp-json\/wp\/v2\/types\/page"}],"author":[{"embeddable":true,"href":"https:\/\/ltse.usthb.dz\/index.php\/wp-json\/wp\/v2\/users\/1"}],"replies":[{"embeddable":true,"href":"https:\/\/ltse.usthb.dz\/index.php\/wp-json\/wp\/v2\/comments?post=140"}],"version-history":[{"count":15,"href":"https:\/\/ltse.usthb.dz\/index.php\/wp-json\/wp\/v2\/pages\/140\/revisions"}],"predecessor-version":[{"id":315,"href":"https:\/\/ltse.usthb.dz\/index.php\/wp-json\/wp\/v2\/pages\/140\/revisions\/315"}],"up":[{"embeddable":true,"href":"https:\/\/ltse.usthb.dz\/index.php\/wp-json\/wp\/v2\/pages\/11"}],"wp:attachment":[{"href":"https:\/\/ltse.usthb.dz\/index.php\/wp-json\/wp\/v2\/media?parent=140"}],"curies":[{"name":"wp","href":"https:\/\/api.w.org\/{rel}","templated":true}]}}