{"id":132,"date":"2023-07-13T13:58:20","date_gmt":"2023-07-13T13:58:20","guid":{"rendered":"http:\/\/193.194.89.175\/wp_ltse\/?page_id=132"},"modified":"2023-07-13T18:38:33","modified_gmt":"2023-07-13T18:38:33","slug":"communications-internationales-2012-2022","status":"publish","type":"page","link":"https:\/\/ltse.usthb.dz\/index.php\/communications-internationales\/communications-internationales-2012-2022\/","title":{"rendered":"Communications internationales 2012-2022:"},"content":{"rendered":"\n<ul>\n<li>Brakni Oumaima, Hadj Arab Belaid, \u00a0Kerkoub Youcef, Kerboua Ziari Yasmina, Numerical study of a non-Newtonian fluid flow of pseudo \u2013plastic type through an abrupt contraction, International Congress of Energies and Engineering of Industrial Processes CEGPI\u201922 Algiers, Algeria 23-25 May 2022.<\/li>\n\n\n\n<li>Brakni Oumaima,\u00a0Kerkoub Youcef, Kerboua Ziari Yasmina, Optimization of the parallel flow field of a PEM fuel cell, International Congress of Energies and Engineering of Industrial Processes CEGPI\u201922 Algiers, Algeria 23-25 May 2022.<\/li>\n\n\n\n<li>A. Bekhti, N. Bendjerrat, A. Mihoub, et al., \u201cPower generation prediction of a savonius wind turbine using cfd investigation,\u201d in The \ufb01rst International Conference on Physics of Semiconductor Devices, Renewable Energies and Environment, Bechar, Algeria, 2022<\/li>\n\n\n\n<li>A. Bekhti, A. Boudis, S. Laazab, et al., \u201cE\ufb00ect of twist angle on hawt performances: Case of the nrel phase ii,\u201d in The International Conference on Applied Sciences and Engineering, ICASE2022, Oran, Algeria, 2022.<\/li>\n\n\n\n<li>A. Bekhti, M. Debbache, A. Boudis, and M. Tata, \u201cAnalyse a\u00e9rodynamique d\u2019une \u00e9olienne \u00e0 axe vertical,\u201d in 2ieme S\u00e9minaire International en G\u00e9nie Industriel et Math\u00e9matiques Appliqu\u00e9es, ISIEAM, Skikda, Alg\u00e9rie, 2022.<\/li>\n\n\n\n<li>A. Bekhti, D. Hamane, M. Maizi, M. Tata, A. Boudis, and M. Dey, \u201cNternational conference on advanced renewable energy systems,\u201d in International Conference on Advanced Renewable Energy Systems, ICARES\u201922, Tipaza, Algeria, 2022.<\/li>\n\n\n\n<li>M. Tata, M. Maizi, A. Bekhti, et al., \u201cSmall horizontal axis wind turbine,\u201d in The \ufb01rst International Seminar on Materials Synthesis and Environmental Monitoring, ISMSEM, Ouargla, Algeria, 2022.<\/li>\n\n\n\n<li>Y. Z. Bouzouaoui, F. Mokhtari, S. Zermout and I. Lasloudji, Computational study on the crystal growth of transparent crystal grown from an oxide melt\u00bb, IC-SEAM\u201921 April 21-22, 2021, Ouargla, ALGERIA. <\/li>\n\n\n\n<li>Y. Z. Bouzouaoui, F. HADDAD, S. Zermout, Chayeb Draa Azeddine, I. Lasloudji and F. MOKHTARI, Computation of thermal stresses in a DS multi crystalline silicon ingot&#8221;, CNPMA\u20192021, 27 et 28 Novembre 2021, USTHB, Alger, Alg\u00e9rie. <\/li>\n\n\n\n<li>Y.Z. Bouzouaoui et al. 2nd IKZ Winter School Synergy of Experimental and Numerical Studies For Crystal Growth of Bulk Semiconductors Lecture&#8221;, 30 Novembre-02 D\u00e9cembre 2020, Berlin, Allemagne. <\/li>\n\n\n\n<li>Dadda B., Babbou A., Zarrit R., Bouhadda Y., Abboudi S. (2020) A Comparison Between Two Hydrogen Injection Modes in a Metal Hydride Reactor. In: Khellaf A. (eds) Advances in Renewable Hydrogen and Other Sustainable Energy Carriers. Springer Proceedings in Energy. Springer, Singapore.<\/li>\n\n\n\n<li>D.E. GHERSI, M. AMOURA, K. LOUBAR, U. DESIDERI. &#8220;Energy and environmental evaluation of combinedcooling, heating and power production systems in Algeria&#8221; ICMEMIS, Djelfa, Juin 2019.<\/li>\n\n\n\n<li>Y. Hamnoune et al., Gravity effect on Taylor DEAN FLOW IN CONICAL SYSTEM, Topical Problems of Fluid Mechanics 2018 \u00e0 Praha, Czech Rupublic. <\/li>\n\n\n\n<li><a href=\"https:\/\/ieeexplore.ieee.org\/document\/8605084\" target=\"_blank\" rel=\"noreferrer noopener\">A. Boudis, O. Guerri, H. Oualli, and A. Benzaoui, \u201cAerodynamic optimization of active \ufb02ow control over s809 airfoil using synthetic jet,\u201d in 2018 International Conference on Wind Energy and Applications in Algeria (ICWEAA), 2018, pp. 1\u20136. <\/a><\/li>\n\n\n\n<li>F.Haddad, <strong>F.Mokhtari<\/strong>, A.Benzaoui. 3D numerical Study of buoyancy effect on oxide melt in HEM crucible for High Rayleigh Numbers, ECCG6 Sixth European Conference on Crystal Growth, Bulgary, 2018. <\/li>\n\n\n\n<li>Y. Hamnoune et al. CONCENTRATION AND GRAVITY EFFECT ON THE TAYLOR -DEAN FLOW BETWEEN TWO HORIZONTAL ROTATING COAXIAL CONES, Topical Problems of Fluid Mechanics 2018 \u00e0 Praha, Czech Rupublic. <\/li>\n\n\n\n<li>Kersani M. et al., Damage assessment using clustered acoustic emission signals in flax\/epoxy quasi unidirectional woven laminates, The 10th European Solid Mechanics Conference ESMC(2018) Bologna, Italy.<\/li>\n\n\n\n<li>A. Boudis, A. C. Bayeul-Lain\u00e9, A. Benzaoui, H. Oualli, and O. Guerri, \u201cNumerical investigation of the e\ufb00ect of motion trajectory on the vortex shedding process behind a \ufb02apping airfoil,\u201d in 17th International Symposium on Transport Phenomena and Dynamics of Rotating Machinery, ISROMAC, USA, Dec. 2017.<\/li>\n\n\n\n<li>D.E. GHERSI, M. AMOURA. &#8220;Effets du couplage de l\u2019injection de la vapeur d\u2019eau et du refroidissement interm\u00e9diaire sur les performances des turbines \u00e0 gaz&#8221; SFT, Marseille, Juin 2017.<\/li>\n\n\n\n<li>S.Bouarab, <strong>F.Mokhtari<\/strong>, S.Kaddeche, A.Hamrani, A.Merah. R\u00e9solution d\u2019un probl\u00e8me de convection naturelle en 2D et 3D par la m\u00e9thode spectrale et la m\u00e9thode des diff\u00e9rences finies, 23<sup>\u00e8me<\/sup> Congr\u00e8s Fran\u00e7ais de M\u00e9canique, Lille, France. 2017. <\/li>\n\n\n\n<li>F.Haddad<strong>, F.Mokhtari<\/strong>, S.Kaddeche, A.Benzaoui. <a rel=\"noreferrer noopener\" href=\"https:\/\/cfm2017.sciencesconf.org\/133934\" target=\"_blank\">Etude de l&#8217;Instabilit\u00e9 Thermo-convective dans un Bain HEM du Saphir avec et sans Rayonnement Interne<\/a>, 23<sup>\u00e8me<\/sup> Congr\u00e8s Fran\u00e7ais de M\u00e9canique, Lille, France. 2017. <\/li>\n\n\n\n<li>Y. Hamnoune, OCCURRENCE OF TAYLOR-DEAN INSTABILITY IN FLOW BETWEEN HORIZONTAL COAXIAL ROTATING CONES, Topical Problems of Fluid Mechanics 2017 \u00e0 Praha, Czech Rupublic. <\/li>\n\n\n\n<li><a rel=\"noreferrer noopener\" href=\"https:\/\/hal.science\/hal-01608389\/\" target=\"_blank\">M. Mahloul, A. Mahamdia et Magdalena Kristiawan, Experimental investigations of the spherical Taylor-Couette flow using electrodiffusion technique, Revue de Topical Problems of Fluid Mechanics 2017.<\/a><\/li>\n\n\n\n<li><strong>Three\u2013dimensional modelling of laser cutting with inert assisting gas, <\/strong>T. Tamsaout , E.H. Amara and A. Bouabdallah, Conference on Laser Ablation COLA&#8217;2017, 3-8 September 2017 Marseille, France. <\/li>\n\n\n\n<li>A. Boudis, A. Benzaoui, H. Oualli, O. Guerri, and M. Mekadem, \u201cInvestigation Num\u00e9rique de L\u2019Extraction de L\u2019Energie par une Aile Oscillante,\u201d in The 4th International Seminar on New and Renewable Energies,SIENR, Gharda\u00efa \u2013 Algeria, 2016.<\/li>\n\n\n\n<li>Z.Tigrine, A.Bouabdallah, <strong>F.Mokhtari<\/strong>, A.Lalaoua \u201cAspect ratio effect on MHD liquid metal flow with passive mechanism control\u201d.PAMIR International Conference on Fundamental and Applied MHD, Italy. 2016. <\/li>\n\n\n\n<li>A.Merah, <strong>F.Mokhtari<\/strong>, A. Bouabdallah, \u201cCFD study of flow in small geometries for a conical Couette-Taylor problem\u201d. 8<sup>th <\/sup>European postgraduate fluid dynamics conference EPFDC16, Warsaw, Poland, 2016.<\/li>\n\n\n\n<li><strong>F.Mokhtari<\/strong>, A.Merah, A.Bouabdallah, Transient growth of vorticies in Czochralski growth, 7th International Symposium on Optical Materials (IS-OM7) Lyon. 2016.<\/li>\n\n\n\n<li>I.Lasloudji, <strong>F.Mokhtari<\/strong>, A.Nehari, R.Boussaa, K.Lebbou, Numerical study of the growth of Langatate (La3Ga5.5Ta0.5O14 ) single crystals by Czochralski method, 7th International Symposium on Optical Materials (IS-OM7) Lyon, 2016.<\/li>\n\n\n\n<li>S.Zermout, <strong>F.Mokhtari<\/strong>, A.Merah, F.Haddad, I.Lasloudji, R.Boussaa, Transient computation on Kyropoulos crystal growth of Sapphire, 7th International Symposium on Optical Materials (IS-OM7) Lyon, 2016.<\/li>\n\n\n\n<li>Y. Hamnounoune et al. Gravity effect on the Taylor-Dean between two horizontal rotating coaxial cones, Experimental Fluid Mechanics 2016 Marienbad\/TU Liberec,Czech Rupublic. <\/li>\n\n\n\n<li>A. Boudis, O. Guerri, A. Benzaoui, and H. Oualli, \u201cSimulation Num\u00e9rique du Contr\u00f4le Actif par Jet Synth\u00e9tique de L\u2019\u00e9coulement Autour d\u2019un Pro\ufb01l de Pale,\u201d in 2nd International Conference on Aeronautical Sciences, ICAS, Oran, Alg\u00e9rie, 2015.<\/li>\n\n\n\n<li>M. Maatar, M. Mekadem, T. Cettibi, H. Oualli, and A. Boudis, \u201cAm\u00e9lioration de l\u2019extraction de l\u2019\u00e9nergie par les ailes battantes : Application aux \u00e9olienne,\u201d in 2nd International Conference on Aeronautical Sciences, ICAS, Oran, Alg\u00e9rie, 2015.<\/li>\n\n\n\n<li>Z.Tigrine, <strong>F.Mokhtari<\/strong>, A.Bouabdallah, A.Lalaoua, S.Lecheheb \u201cNumerical analysis of liquid metal 17Li83Pb fluid MHD effects in rectangular duct using vortex generators\u201d.<a href=\"https:\/\/www.google.dz\/url?sa=t&amp;rct=j&amp;q=&amp;esrc=s&amp;source=web&amp;cd=1&amp;cad=rja&amp;uact=8&amp;ved=0CBwQFjAAahUKEwj32Kmv3erIAhXFvA8KHXqgD-s&amp;url=http%3A%2F%2Fepm2015.sciencesconf.org%2F&amp;usg=AFQjCNFYrokNuqMBo12bifYmaVOL6Rl2XQ\">8th International Conference on Electromagnetic Processing<\/a> of Materials <a href=\"https:\/\/www.google.dz\/url?sa=t&amp;rct=j&amp;q=&amp;esrc=s&amp;source=web&amp;cd=5&amp;ved=0CDwQFjAEahUKEwj32Kmv3erIAhXFvA8KHXqgD-s&amp;url=http%3A%2F%2F10times.com%2Fepm&amp;usg=AFQjCNENssMXa80ftXGVpYNsbHRrYV12oQ\">EPM,<\/a> Cannes, France, 2015.<\/li>\n\n\n\n<li>A. Merah, <strong>F.Mokhtari<\/strong>, A. Lalaoua, A. Bouabdallah, \u201cHydrodynamic instability of liquid metal flow in conical Taylor-Couette system\u201d. 19<sup>i\u00e8me <\/sup>International Couette-Taylor Workshop, Cottbus, Allemagne, 2015.<\/li>\n\n\n\n<li>A.Merah, <strong>F.Mokhtari<\/strong>, A.Bouabdallah, E.Adnane, \u201c3D numerical study of magnetohydrodynamic instability in liquid metal Taylor-Couette flow\u201d, Topical Problems of Fluid Mechanics, Prague, Tcheque, 2015.<\/li>\n\n\n\n<li>Y. Hamnoune, 19 th internationel Couette-Taylor Worshop(ICTW 19) Cottbus, Germany\u2019 Free surface effect in Taylor-Dean flow system\u2019. <\/li>\n\n\n\n<li>M. Mahloul, A. Mahamdia et V. Sobolik (2015): \u00abTransition to turbulence and relaminarization phenomena in the flow between two rotating spheres\u00bb, Revue de Topical Problems of Fluid Mechanics. <\/li>\n\n\n\n<li>7th International Exergy, Energy and Envirenement Symposium, IEEES7, (2015) :\u00abExperimental Investigations of the Spherical Taylor-Couette Flow\u00bb\/ Valenciennes, France.<\/li>\n\n\n\n<li><strong>Three\u2013dimensional modeling of laser cutting process with compressible and incompressible assisting gas<\/strong>, T. Tamsaout , E.H. Amara and A. Bouabdallah, International Conference on Optics and Photonics Algeria (OPAL 2015), December 14-15,2015, Algiers, Algeria. <\/li>\n\n\n\n<li>M. Maatar, M. Mekadem, A. Boudis, T. Cettibi, and H. Oualli, \u201cEtude param\u00e9trique et l\u2019in\ufb02uence de la trajectoire sur les performances de l\u2019extraction de l\u2019\u00e9nergie par les ailes battantes,\u201d in The International Congress of Naval Aero-hydrodynamic, ICNH\u201914, Oran, Alg\u00e9rie, 2014.<\/li>\n\n\n\n<li>A. Boudis, M. Mekadem, H. Oualli, A. Benzaoui, and O. Guerri, \u201cEtude num\u00e9rique de l\u2019in\ufb02uence des param\u00e8tres de mouvement sur les performances a\u00e9rodynamiques d\u2019une aile battante,\u201d in 2\u00e9me Conf\u00e9rence Internationale sur l\u2019Energ\u00e9tique Appliqu\u00e9e et la Pollution, CIEAP, Constantine, Alg\u00e9rie, 2014.<\/li>\n\n\n\n<li><strong>F.Mokhtari<\/strong>, A.Merah, A.Bouabdallah, \u201c3D Computations in MCZ silicon melt\u201d 1st International Conference on Materials for Energy \u00a7 Environmental Engineering-ICM3E\u201914, Algiers, Algeria, 2014.<\/li>\n\n\n\n<li>F.Haddad, S.Zermout, <strong>F.Mokhtari<\/strong>, A.Benzaoui, \u00a0\u201cInfluence of the Crucible Geometry on the Shape of the Melt-Crystal Interface during Growth by using a Heat Exchnager Method\u201d 1st International Conference on Materials for Energy \u00a7 Environmental Engineering-ICM3E\u201914, Algiers, Algeria, 2014.<\/li>\n\n\n\n<li>S.Zermout, F.Haddad, <strong>F.Mokhtari<\/strong>, A.Merah, \u201cCGSim Numerical Study of Kyropoulos crystal growth of sapphire\u201d 1st International Conference on Materials for Energy \u00a7 Environmental Engineering-ICM3E\u201914, Algiers, Algeria, 2014.<\/li>\n\n\n\n<li>Z. Tigrine, <strong>F. Mokhtari<\/strong>, A. Bouabdallah, A. Lallaoua \u201cNumerical modelling of MHD liquid metal 83 Pb-17Li and heat transfer in rectangular duct\u201d. 7th International Scientific Colloquium Modelling for Electromagnetic Processing, Leibniz University of Hannover, Germany, 2014.<\/li>\n\n\n\n<li>Z.Tigrine, <strong>F.Mokhtari<\/strong>, A.Bouabdallah, &#8220;Liquid metal flow and heat transfer in rectangular duct under the influence of axial magnetic fields&#8221;. 9th PAMIR International Conference\u00a0Fundamental and Applied MHD\u00a0Thermo acoustic and Space technologies Riga \u2013 Latvia, 2014.<\/li>\n\n\n\n<li><strong>F.Mokhtari<\/strong>, A.Merah, A.Bouabdallah, \u201cFree surface study in silicon Czochralski melt\u201d 6<sup>th<\/sup> international workshop on crystal growth technology, Berlin, Germany, 2014.<\/li>\n\n\n\n<li><strong>F.Mokhtari<\/strong>, A.Merah, A.Bouabdallah, \u201cFree surface study in silicon Czochralski melt with rotating crucible\u201d EMRS Spring Meeting, Lille, France, 2014.<\/li>\n\n\n\n<li>A.Merah, <strong>F.Mokhtari<\/strong>, A.Bouabdallah, \u201cHydrodynamic and magnetohydrodynamic instabilities in silicon crystal growth\u201d EMRS Spring Meeting, Lille, France, 2014.<\/li>\n\n\n\n<li><strong>F.Mokhtari<\/strong>, A.Merah, A.Bouabdallah, \u201c3D Numerical investigation on silicon crystal growth\u201d International Conference on Nanostructures for Sensing &amp; Energy Conversion NaSEC\u201914, Algiers, Algeria, 2014.<\/li>\n\n\n\n<li>F.Yahi, Y.Hamnoune, <strong>F.Mokhtari<\/strong>, S.Lecheheb , A.Bouabdallah,\u201cMagnetic field effect on the onset of the helicoidal instability in conical Taylor-Couette flow system\u201d The 7<sup>th<\/sup> International Symposium on Hydrocarbons and Chemistry, Boumerdes, Algeria, 2014.<\/li>\n\n\n\n<li>Y. Hamnoune, Taylor-Dean instability in conical system, 2nd international Symposium on Multiphase Process Engineering \u2013MMPE 2014 Hamburg. <\/li>\n\n\n\n<li><\/li>\n<\/ul>\n","protected":false},"excerpt":{"rendered":"","protected":false},"author":1,"featured_media":0,"parent":10,"menu_order":0,"comment_status":"closed","ping_status":"closed","template":"","meta":[],"_links":{"self":[{"href":"https:\/\/ltse.usthb.dz\/index.php\/wp-json\/wp\/v2\/pages\/132"}],"collection":[{"href":"https:\/\/ltse.usthb.dz\/index.php\/wp-json\/wp\/v2\/pages"}],"about":[{"href":"https:\/\/ltse.usthb.dz\/index.php\/wp-json\/wp\/v2\/types\/page"}],"author":[{"embeddable":true,"href":"https:\/\/ltse.usthb.dz\/index.php\/wp-json\/wp\/v2\/users\/1"}],"replies":[{"embeddable":true,"href":"https:\/\/ltse.usthb.dz\/index.php\/wp-json\/wp\/v2\/comments?post=132"}],"version-history":[{"count":33,"href":"https:\/\/ltse.usthb.dz\/index.php\/wp-json\/wp\/v2\/pages\/132\/revisions"}],"predecessor-version":[{"id":309,"href":"https:\/\/ltse.usthb.dz\/index.php\/wp-json\/wp\/v2\/pages\/132\/revisions\/309"}],"up":[{"embeddable":true,"href":"https:\/\/ltse.usthb.dz\/index.php\/wp-json\/wp\/v2\/pages\/10"}],"wp:attachment":[{"href":"https:\/\/ltse.usthb.dz\/index.php\/wp-json\/wp\/v2\/media?parent=132"}],"curies":[{"name":"wp","href":"https:\/\/api.w.org\/{rel}","templated":true}]}}